{"id":74,"date":"2022-05-06T10:08:11","date_gmt":"2022-05-06T10:08:11","guid":{"rendered":"https:\/\/www.fjsk.se\/?page_id=74"},"modified":"2022-05-31T13:36:00","modified_gmt":"2022-05-31T11:36:00","slug":"lankar","status":"publish","type":"page","link":"https:\/\/www.fjsk.se\/?page_id=74","title":{"rendered":"L\u00e4nkar"},"content":{"rendered":"\n<p>H\u00e4r l\u00e4gger vi upp intressanta l\u00e4nkar till : Klubbar eller till f\u00f6retag,medlemmar m.m.<\/p>\n\n\n\n<div class=\"wp-block-columns is-layout-flex wp-container-core-columns-is-layout-28f84493 wp-block-columns-is-layout-flex\">\n<div class=\"wp-block-column is-layout-flow wp-block-column-is-layout-flow\">\n<p><a rel=\"noreferrer noopener\" href=\"http:\/\/www.lerduvor.net\" target=\"_blank\">www.lerduvor.net<\/a>  Live rapportering fr\u00e5n v\u00e5ra t\u00e4vlingar i Nordisk Trap \u2013 f\u00f6lj skott f\u00f6r skott.<\/p>\n\n\n\n<p><a rel=\"noreferrer noopener\" href=\"https:\/\/www.arvikajsk.net\/\" target=\"_blank\">Arvika JSK<\/a><\/p>\n\n\n\n<p><a rel=\"noreferrer noopener\" href=\"https:\/\/www.idrottonline.se\/grums\/billerudsjsk-sportskytte\" target=\"_blank\">Billeruds JSK<\/a><\/p>\n\n\n\n<p><a rel=\"noreferrer noopener\" href=\"http:\/\/www.bjsk.se\/\" target=\"_blank\">Bj\u00f6rneborgs JSK<\/a><\/p>\n\n\n\n<p><a rel=\"noreferrer noopener\" href=\"https:\/\/www3.idrottonline.se\/default.aspx?id=635626\" target=\"_blank\">Bofors J\u00e4gargille<\/a><\/p>\n\n\n\n<p><a rel=\"noreferrer noopener\" href=\"https:\/\/www.idrottonline.se\/saffle\/finnsjojsk-skyttesport\" target=\"_blank\">Finnsj\u00f6 JSK<\/a><\/p>\n\n\n\n<p><a rel=\"noreferrer noopener\" href=\"https:\/\/www.idrottonline.se\/sunne\/folsjonsjsk-skyttesport\" target=\"_blank\">F\u00f6lsj\u00f6ns JSK<\/a><\/p>\n\n\n\n<p><a rel=\"noreferrer noopener\" href=\"https:\/\/www.idrottonline.se\/arvika\/glaskogensjsk-skyttesport\" target=\"_blank\">Glaskogen JSK<\/a><\/p>\n\n\n\n<p><a rel=\"noreferrer noopener\" href=\"https:\/\/www.idrottonline.se\/grums\/grumsjsk\" target=\"_blank\">Grums JSK<\/a><\/p>\n\n\n\n<p><a href=\"https:\/\/www.idrottonline.se\/hammaro\/hammarojk-skyttesport\" target=\"_blank\" rel=\"noreferrer noopener\">Hammar\u00f6 JSK<\/a><\/p>\n\n\n\n<p><a rel=\"noreferrer noopener\" href=\"http:\/\/www.kjsk.se\/\" target=\"_blank\">Karlstads JSK<\/a><\/p>\n\n\n\n<p><a rel=\"noreferrer noopener\" href=\"https:\/\/www.idrottonline.se\/kil\/kilsjaktossf-sportskytte\" target=\"_blank\">Kils Jakt&nbsp;&amp; SpSK<\/a><\/p>\n\n\n\n<p><a rel=\"noreferrer noopener\" href=\"https:\/\/www.idrottonline.se\/munkfors\/munkforsjaktospsk-skyttesport\" target=\"_blank\">Munkfors Jakt o SpSk<\/a><\/p>\n\n\n\n<p><a rel=\"noreferrer noopener\" href=\"http:\/\/www.nyedsjsk.se\/\" target=\"_blank\">Nyeds JSK<\/a>&nbsp;<\/p>\n<\/div>\n\n\n\n<div class=\"wp-block-column is-layout-flow wp-block-column-is-layout-flow\">\n<p><a rel=\"noreferrer noopener\" href=\"https:\/\/www.idrottonline.se\/storfors\/storforsjsk-skyttesport\" target=\"_blank\">Storfors JSK<\/a><\/p>\n\n\n\n<p><a rel=\"noreferrer noopener\" href=\"https:\/\/www.idrottonline.se\/torsby\/torsbyjsk-skyttesport\" target=\"_blank\">Torsby JSK<\/a><\/p>\n\n\n\n<p><a rel=\"noreferrer noopener\" href=\"https:\/\/www.idrottonline.se\/hagfors\/tonnetsjsk-skyttesport\" target=\"_blank\">T\u00f6nnets JSK<\/a>&nbsp;<\/p>\n\n\n\n<p><a rel=\"noreferrer noopener\" href=\"https:\/\/idrottonline.se\/UddeholmsJSK-Skyttesport\/\" target=\"_blank\">Uddeholms&nbsp;JSK&nbsp;<\/a><\/p>\n\n\n\n<p><a rel=\"noreferrer noopener\" href=\"https:\/\/www.idrottonline.se\/torsby\/ulvhedensjsk-skyttesport\" target=\"_blank\">Ulvhedens JSK<\/a>&nbsp;<\/p>\n\n\n\n<p><a rel=\"noreferrer noopener\" href=\"https:\/\/www.idrottonline.se\/saffle\/varmlandsnasjsk-skyttesport\" target=\"_blank\">V\u00e4rmlandsn\u00e4s JSK<\/a><\/p>\n\n\n\n<p><a rel=\"noreferrer noopener\" href=\"https:\/\/www.idrottonline.se\/torsby\/astrandsjsk-skyttesport\" target=\"_blank\">\u00c5strands JSK<\/a><\/p>\n\n\n\n<p><a href=\"http:\/\/www.ota.dinstudio.se\/\">http:\/\/www.ota.dinstudio.se\/<\/a>&nbsp;<\/p>\n\n\n\n<p><a href=\"http:\/\/www.jagareforbundet.se\/svenskjakt\/\">http:\/\/www.jagareforbundet.se\/svenskjakt\/<\/a><\/p>\n\n\n\n<p><a href=\"http:\/\/www.forshaga.se\/\">http:\/\/www.forshaga.se\/<\/a><\/p>\n\n\n\n<p><a href=\"https:\/\/iof3.idrottonline.se\/default.aspx?id=98\">https:\/\/iof3.idrottonline.se\/default.aspx?id=98<\/a><\/p>\n\n\n\n<p><a href=\"http:\/\/www.forshagaakademin.se\/\">http:\/\/www.forshagaakademin.se\/<\/a><\/p>\n\n\n\n<p><a href=\"http:\/\/www.nordisktrap.dk\/\">http:\/\/www.nordisktrap.dk\/<\/a><\/p>\n\n\n\n<p><a href=\"http:\/\/www.skyting.no\/Sider\/Skytter.aspx\">http:\/\/www.skyting.no\/Sider\/Skytter.aspx<\/a><\/p>\n<\/div>\n<\/div>\n","protected":false},"excerpt":{"rendered":"<p>H\u00e4r l\u00e4gger vi upp intressanta l\u00e4nkar till : Klubbar eller till f\u00f6retag,medlemmar m.m. www.lerduvor.net Live rapportering fr\u00e5n v\u00e5ra t\u00e4vlingar i Nordisk Trap \u2013 f\u00f6lj skott f\u00f6r skott. Arvika JSK Billeruds JSK Bj\u00f6rneborgs JSK Bofors J\u00e4gargille Finnsj\u00f6 JSK F\u00f6lsj\u00f6ns JSK Glaskogen JSK Grums JSK Hammar\u00f6 JSK Karlstads JSK Kils Jakt&nbsp;&amp; SpSK Munkfors Jakt o SpSk Nyeds [&hellip;]<\/p>\n","protected":false},"author":4,"featured_media":0,"parent":0,"menu_order":0,"comment_status":"closed","ping_status":"closed","template":"","meta":{"_mc_calendar":[],"footnotes":""},"class_list":["post-74","page","type-page","status-publish","hentry"],"_links":{"self":[{"href":"https:\/\/www.fjsk.se\/index.php?rest_route=\/wp\/v2\/pages\/74","targetHints":{"allow":["GET"]}}],"collection":[{"href":"https:\/\/www.fjsk.se\/index.php?rest_route=\/wp\/v2\/pages"}],"about":[{"href":"https:\/\/www.fjsk.se\/index.php?rest_route=\/wp\/v2\/types\/page"}],"author":[{"embeddable":true,"href":"https:\/\/www.fjsk.se\/index.php?rest_route=\/wp\/v2\/users\/4"}],"replies":[{"embeddable":true,"href":"https:\/\/www.fjsk.se\/index.php?rest_route=%2Fwp%2Fv2%2Fcomments&post=74"}],"version-history":[{"count":5,"href":"https:\/\/www.fjsk.se\/index.php?rest_route=\/wp\/v2\/pages\/74\/revisions"}],"predecessor-version":[{"id":839,"href":"https:\/\/www.fjsk.se\/index.php?rest_route=\/wp\/v2\/pages\/74\/revisions\/839"}],"wp:attachment":[{"href":"https:\/\/www.fjsk.se\/index.php?rest_route=%2Fwp%2Fv2%2Fmedia&parent=74"}],"curies":[{"name":"wp","href":"https:\/\/api.w.org\/{rel}","templated":true}]}}