{"id":70,"date":"2022-05-06T10:05:12","date_gmt":"2022-05-06T10:05:12","guid":{"rendered":"https:\/\/www.fjsk.se\/?page_id=70"},"modified":"2023-02-12T15:11:14","modified_gmt":"2023-02-12T14:11:14","slug":"historia","status":"publish","type":"page","link":"https:\/\/www.fjsk.se\/?page_id=70","title":{"rendered":"Historia"},"content":{"rendered":"\n<div class=\"wp-block-columns is-layout-flex wp-container-core-columns-is-layout-28f84493 wp-block-columns-is-layout-flex\">\n<div class=\"wp-block-column is-layout-flow wp-block-column-is-layout-flow\">\n<p>Under \u00e5ren 1947-48 b\u00f6rjade n\u00e5gra anst\u00e4llda vid M\u00f6lnbacka-Trysils Skogsf\u00f6rvaltning en dialog med f\u00f6retaget om att f\u00e5 disponera f\u00f6retagsmark f\u00f6r en skjutplats mot r\u00f6rlig \u00e4lg.<\/p>\n\n\n\n<p>Efter diverse diskussioner fick de sitt tillst\u00e5nd. 1948 var den klar. Placeringen var p\u00e5 en plats l\u00e4ngs skogsbrynet strax norr om nuvarande skeetbana 2.<\/p>\n\n\n\n<p>Ansvaret f\u00f6r banans underh\u00e5ll och sk\u00f6tsel f\u00f6rdelades mellan skogsf\u00f6rvaltningen och den intressegrupp som byggde banan.<\/p>\n\n\n\n<p>Den f\u00f6rsta \u00e4lgbanan var en bana d\u00e4r \u00e4lgen drogs l\u00e4ngs en r\u00e4ls av en mark\u00f6r. Mark\u00f6ren satt i ett nedgr\u00e4vt skydd och vevade fram \u00e4lgen med hj\u00e4lp av en cykelram&nbsp;med trampor p\u00e5.&nbsp;<\/p>\n\n\n\n<p>Konstruktionen gjordes av Erik Hassel som ochs\u00e5 var en av eldsj\u00e4larna bakom bygget.<\/p>\n\n\n\n<p>1950 v\u00e4xte verksamheten. Mark f\u00f6r en lerduvebana shaktades ut.<\/p>\n\n\n\n<p>Torn och l\u00e5da f\u00f6r skeetskytte byggdes. Kastarna i dessa fick d\u00e5 sp\u00e4nnas manuellt.<\/p>\n\n\n\n<p>Med en sk\u00f6tare vid varje d\u00e5 det inte fanns n\u00e5gon elektricitet framdragen.<\/p>\n\n\n\n<p>1960 byggdes den nuvarande \u00e4lgbanan. En modern bana med gjutna betongskydd.<\/p>\n\n\n\n<p>Elmotor f\u00f6r drivning och styrning fr\u00e5n skjutplatsen. \u00c4ven Skeetbanan fick nya elektriska kastare.<\/p>\n\n\n\n<p>1962 bildades M\u00f6lnbacka Jaktskytteklubb. Med bra banor b\u00f6rjade \u00e4ven t\u00e4vlingsverksamheten att komma ig\u00e5ng. F\u00f6rst med klubbt\u00e4vlingar och sedan med jaktstigar och \u00e4ven t\u00e4vlingar med andra klubbar.&nbsp;<\/p>\n\n\n\n<p>Verksamheten har under \u00e5ren fortsatt med olika styrelse sammans\u00e4ttningar och nya friska ideer. 2005 gjorde klubben ett namnbyte till nuvarande Forshaga Jakt och sportskytteklubb.<\/p>\n<\/div>\n\n\n\n<div class=\"wp-block-column is-layout-flow wp-block-column-is-layout-flow\">\n<p>Under \u00e5ren har klubben representerats vid b\u00e5de nationella som internationella t\u00e4vlingar. N\u00e5gra namn som haft M\u00f6lnbacka JSK som moderklubb.<\/p>\n\n\n\n<p>Lars-\u00c5ke Maxstadh VM Korea 1978 . ( 6e placering Viltm\u00e5l 50 meter).<\/p>\n\n\n\n<p>Anders Berglind OS Los Angeles 1984.(5e placering Skeet ).<\/p>\n\n\n\n<p>1999 vann klubben lag SM i Nordisk trap genom Ove Lundstr\u00f6m,Lars-\u00c5ke Maxstadh och Jan Peterson.<\/p>\n\n\n\n<p>Idag kan vi med stolthet visa upp en av Sveriges b\u00e4sta Jakt och Sportskytteanl\u00e4ggningar. Vi har m\u00f6jlighet att skjuta p\u00e5 3 st Nordisk trap banor. 2 st\u00a0Skeetbanor. 80 meter \u00e4lgbana, 50 meter r\u00e5djur och vildsvinsbana samt 1 st rabbitbana.<\/p>\n\n\n\n<p>F\u00f6rutom &#8221;Sidenfejden&#8221; som lockat t\u00e4vlande fr\u00e5n Sverige,Norge,Danmark s\u00e5 har vi \u00e4ven genomf\u00f6rt b\u00e5de SM 2010 samt Skandinaviskt m\u00e4sterskap 2011 i Nordisk trap.Vi lovordades b\u00e5de fr\u00e5n deltagarna samt fr\u00e5n f\u00f6rbundet och i skyttesporttidningen.&nbsp;<\/p>\n\n\n\n<p>Genom fortsatt goda kontakter med Forshaga kommun samt lokala entrepen\u00f6rer,f\u00f6retagare och Viltv\u00e5rdsgymnasiet forts\u00e4tter verksamheten. Vi kommer att ha j\u00e4garexamensutbildningar,f\u00f6retagsskytte,svensexor,m\u00f6hippor,pension\u00e4rsskytte.<\/p>\n\n\n\n<p><\/p>\n<\/div>\n<\/div>\n","protected":false},"excerpt":{"rendered":"<p>Under \u00e5ren 1947-48 b\u00f6rjade n\u00e5gra anst\u00e4llda vid M\u00f6lnbacka-Trysils Skogsf\u00f6rvaltning en dialog med f\u00f6retaget om att f\u00e5 disponera f\u00f6retagsmark f\u00f6r en skjutplats mot r\u00f6rlig \u00e4lg. Efter diverse diskussioner fick de sitt tillst\u00e5nd. 1948 var den klar. Placeringen var p\u00e5 en plats l\u00e4ngs skogsbrynet strax norr om nuvarande skeetbana 2. Ansvaret f\u00f6r banans underh\u00e5ll och sk\u00f6tsel f\u00f6rdelades [&hellip;]<\/p>\n","protected":false},"author":4,"featured_media":0,"parent":67,"menu_order":0,"comment_status":"closed","ping_status":"closed","template":"","meta":{"_mc_calendar":[],"footnotes":""},"class_list":["post-70","page","type-page","status-publish","hentry"],"_links":{"self":[{"href":"https:\/\/www.fjsk.se\/index.php?rest_route=\/wp\/v2\/pages\/70","targetHints":{"allow":["GET"]}}],"collection":[{"href":"https:\/\/www.fjsk.se\/index.php?rest_route=\/wp\/v2\/pages"}],"about":[{"href":"https:\/\/www.fjsk.se\/index.php?rest_route=\/wp\/v2\/types\/page"}],"author":[{"embeddable":true,"href":"https:\/\/www.fjsk.se\/index.php?rest_route=\/wp\/v2\/users\/4"}],"replies":[{"embeddable":true,"href":"https:\/\/www.fjsk.se\/index.php?rest_route=%2Fwp%2Fv2%2Fcomments&post=70"}],"version-history":[{"count":5,"href":"https:\/\/www.fjsk.se\/index.php?rest_route=\/wp\/v2\/pages\/70\/revisions"}],"predecessor-version":[{"id":1093,"href":"https:\/\/www.fjsk.se\/index.php?rest_route=\/wp\/v2\/pages\/70\/revisions\/1093"}],"up":[{"embeddable":true,"href":"https:\/\/www.fjsk.se\/index.php?rest_route=\/wp\/v2\/pages\/67"}],"wp:attachment":[{"href":"https:\/\/www.fjsk.se\/index.php?rest_route=%2Fwp%2Fv2%2Fmedia&parent=70"}],"curies":[{"name":"wp","href":"https:\/\/api.w.org\/{rel}","templated":true}]}}