{"id":351,"date":"2022-05-09T11:21:30","date_gmt":"2022-05-09T09:21:30","guid":{"rendered":"https:\/\/www.fjsk.se\/?page_id=351"},"modified":"2022-07-24T14:02:43","modified_gmt":"2022-07-24T12:02:43","slug":"viltbana-80-m-2","status":"publish","type":"page","link":"https:\/\/www.fjsk.se\/?page_id=351","title":{"rendered":"Viltbana 80 m"},"content":{"rendered":"\n<div class=\"wp-block-columns is-layout-flex wp-container-core-columns-is-layout-28f84493 wp-block-columns-is-layout-flex\">\n<div class=\"wp-block-column is-layout-flow wp-block-column-is-layout-flow\">\n<figure class=\"wp-block-image size-large\"><img fetchpriority=\"high\" decoding=\"async\" width=\"1024\" height=\"768\" src=\"https:\/\/www.fjsk.se\/wp-content\/uploads\/2022\/07\/IMG_0193-1024x768.jpeg\" alt=\"\" class=\"wp-image-964\" srcset=\"https:\/\/www.fjsk.se\/wp-content\/uploads\/2022\/07\/IMG_0193-1024x768.jpeg 1024w, https:\/\/www.fjsk.se\/wp-content\/uploads\/2022\/07\/IMG_0193-300x225.jpeg 300w, https:\/\/www.fjsk.se\/wp-content\/uploads\/2022\/07\/IMG_0193-768x576.jpeg 768w, https:\/\/www.fjsk.se\/wp-content\/uploads\/2022\/07\/IMG_0193-1536x1152.jpeg 1536w, https:\/\/www.fjsk.se\/wp-content\/uploads\/2022\/07\/IMG_0193.jpeg 1906w\" sizes=\"(max-width: 1024px) 100vw, 1024px\" \/><\/figure>\n\n\n\n<p><strong>Kan inte anv\u00e4ndas samtidigt som Trapbana 4<\/strong><\/p>\n\n\n\n<p>Avst\u00e5ndet till inskjutningsm\u00e5let p\u00e5 h\u00f6ger sida, strax ovan bl\u00e4ndet \u00e4r 100yard eller 91m.<\/p>\n<\/div>\n\n\n\n<div class=\"wp-block-column is-layout-flow wp-block-column-is-layout-flow\"><a href=\"https:\/\/www.fjsk.se\/wp-content\/uploads\/2022\/07\/Viltbana-80-m.pdf\" class=\"pdfemb-viewer\" style=\"\" data-width=\"max\" data-height=\"max\" data-toolbar=\"bottom\" data-toolbar-fixed=\"off\">Viltbana-80-m<\/a>\n<p class=\"wp-block-pdfemb-pdf-embedder-viewer\"><\/p>\n<\/div>\n<\/div>\n\n\n\n<p><\/p>\n","protected":false},"excerpt":{"rendered":"<p>Kan inte anv\u00e4ndas samtidigt som Trapbana 4 Avst\u00e5ndet till inskjutningsm\u00e5let p\u00e5 h\u00f6ger sida, strax ovan bl\u00e4ndet \u00e4r 100yard eller 91m.<\/p>\n","protected":false},"author":4,"featured_media":0,"parent":0,"menu_order":0,"comment_status":"closed","ping_status":"closed","template":"","meta":{"_mc_calendar":[],"footnotes":""},"class_list":["post-351","page","type-page","status-publish","hentry"],"_links":{"self":[{"href":"https:\/\/www.fjsk.se\/index.php?rest_route=\/wp\/v2\/pages\/351","targetHints":{"allow":["GET"]}}],"collection":[{"href":"https:\/\/www.fjsk.se\/index.php?rest_route=\/wp\/v2\/pages"}],"about":[{"href":"https:\/\/www.fjsk.se\/index.php?rest_route=\/wp\/v2\/types\/page"}],"author":[{"embeddable":true,"href":"https:\/\/www.fjsk.se\/index.php?rest_route=\/wp\/v2\/users\/4"}],"replies":[{"embeddable":true,"href":"https:\/\/www.fjsk.se\/index.php?rest_route=%2Fwp%2Fv2%2Fcomments&post=351"}],"version-history":[{"count":12,"href":"https:\/\/www.fjsk.se\/index.php?rest_route=\/wp\/v2\/pages\/351\/revisions"}],"predecessor-version":[{"id":967,"href":"https:\/\/www.fjsk.se\/index.php?rest_route=\/wp\/v2\/pages\/351\/revisions\/967"}],"wp:attachment":[{"href":"https:\/\/www.fjsk.se\/index.php?rest_route=%2Fwp%2Fv2%2Fmedia&parent=351"}],"curies":[{"name":"wp","href":"https:\/\/api.w.org\/{rel}","templated":true}]}}