{"id":106,"date":"2022-05-06T10:57:12","date_gmt":"2022-05-06T10:57:12","guid":{"rendered":"https:\/\/www.fjsk.se\/?page_id=106"},"modified":"2026-04-10T07:48:40","modified_gmt":"2026-04-10T05:48:40","slug":"bokningar-2022","status":"publish","type":"page","link":"https:\/\/www.fjsk.se\/?page_id=106","title":{"rendered":"Hyra anl\u00e4ggning"},"content":{"rendered":"\n<div class=\"wp-block-columns is-layout-flex wp-container-core-columns-is-layout-28f84493 wp-block-columns-is-layout-flex\">\n<div class=\"wp-block-column is-layout-flow wp-block-column-is-layout-flow\">\n<h2 class=\"wp-block-heading\">Boka bana\/stuga\/event.<\/h2>\n\n\n\n<p>Vill Du hyra\/boka bana\/stuga\/event?&nbsp;\u2013 Ta kontakt med Christina Kilhage, ckilhage@gmail.com, 070- 453 56 72 f\u00f6r att se att det \u00e4r ledigt och inte kolliderar med n\u00e5got annat. Fyll sedan i bokningspapper och l\u00e4mna in till Christina senast 1 vecka efter bokningsdatum, komplett ifylld!<\/p>\n\n\n\n<p>Bokningar ansl\u00e5s p\u00e5 anl\u00e4ggningen och uppdateras p\u00e5 hemsidan med j\u00e4mna mellanrum. Respektera bokningarna och t\u00e4nk p\u00e5 att det inte g\u00e5r att boka p\u00e5 anslagna tr\u00e4ningstillf\u00e4llen. (Se skjutprogram)<\/p>\n\n\n\n<p>Bokas bana\/stuga ska hyra betalas eftersom man d\u00e5 har egenr\u00e4tt, g\u00e4ller b\u00e5de medlemmar och icke medlemmar. Man betalar f\u00f6r de timmar man hyr!<\/p>\n\n\n\n<p><strong>Denna information g\u00e4ller \u00e4ven f\u00f6r bokning av \u00e4lgbana inf\u00f6r \u00e4lgjakten!<\/strong><\/p>\n<\/div>\n\n\n\n<div class=\"wp-block-column is-layout-flow wp-block-column-is-layout-flow\">\n<div data-wp-interactive=\"core\/file\" class=\"wp-block-file\"><object data-wp-bind--hidden=\"!state.hasPdfPreview\" hidden class=\"wp-block-file__embed\" data=\"https:\/\/www.fjsk.se\/wp-content\/uploads\/2026\/04\/Bokningar-2026-Uppdaterad-2026-04-10.pdf\" type=\"application\/pdf\" style=\"width:100%;height:600px\" aria-label=\"Inb\u00e4ddning av Bokningar 2026 - Uppdaterad 2026-04-10.\"><\/object><a id=\"wp-block-file--media-124abe87-d90c-4c9e-b792-a0eda582b398\" href=\"https:\/\/www.fjsk.se\/wp-content\/uploads\/2026\/04\/Bokningar-2026-Uppdaterad-2026-04-10.pdf\">Bokningar 2026 &#8211; Uppdaterad 2026-04-10<\/a><a href=\"https:\/\/www.fjsk.se\/wp-content\/uploads\/2026\/04\/Bokningar-2026-Uppdaterad-2026-04-10.pdf\" class=\"wp-block-file__button wp-element-button\" download aria-describedby=\"wp-block-file--media-124abe87-d90c-4c9e-b792-a0eda582b398\">Ladda ner<\/a><\/div>\n\n\n\n<figure class=\"wp-block-image size-large\"><a href=\"https:\/\/www.fjsk.se\/wp-content\/uploads\/2025\/04\/Blankett-Bokning-av-bana-stuga-samt-event-2025.pdf\"><img decoding=\"async\" src=\"https:\/\/www.fjsk.se\/wp-content\/uploads\/2026\/02\/Blankett-bokning-av-bana-stuga-samt-prislista-2026-Ej-kompett.pdf\" alt=\"\"\/><\/a><\/figure>\n\n\n\n<p><a href=\"https:\/\/www.fjsk.se\/wp-content\/uploads\/2026\/03\/Blankett-Bokning-av-bana-stuga-samt-event-2026-prislista.pdf\" target=\"_blank\" rel=\"noreferrer noopener\">Bokning Bana\/Stuga samt prislista 2026<\/a><\/p>\n<\/div>\n<\/div>\n\n\n\n<p><\/p>\n","protected":false},"excerpt":{"rendered":"<p>Boka bana\/stuga\/event. Vill Du hyra\/boka bana\/stuga\/event?&nbsp;\u2013 Ta kontakt med Christina Kilhage, ckilhage@gmail.com, 070- 453 56 72 f\u00f6r att se att det \u00e4r ledigt och inte kolliderar med n\u00e5got annat. Fyll sedan i bokningspapper och l\u00e4mna in till Christina senast 1 vecka efter bokningsdatum, komplett ifylld! Bokningar ansl\u00e5s p\u00e5 anl\u00e4ggningen och uppdateras p\u00e5 hemsidan med j\u00e4mna [&hellip;]<\/p>\n","protected":false},"author":4,"featured_media":0,"parent":0,"menu_order":0,"comment_status":"closed","ping_status":"closed","template":"","meta":{"_mc_calendar":[],"footnotes":""},"class_list":["post-106","page","type-page","status-publish","hentry"],"_links":{"self":[{"href":"https:\/\/www.fjsk.se\/index.php?rest_route=\/wp\/v2\/pages\/106","targetHints":{"allow":["GET"]}}],"collection":[{"href":"https:\/\/www.fjsk.se\/index.php?rest_route=\/wp\/v2\/pages"}],"about":[{"href":"https:\/\/www.fjsk.se\/index.php?rest_route=\/wp\/v2\/types\/page"}],"author":[{"embeddable":true,"href":"https:\/\/www.fjsk.se\/index.php?rest_route=\/wp\/v2\/users\/4"}],"replies":[{"embeddable":true,"href":"https:\/\/www.fjsk.se\/index.php?rest_route=%2Fwp%2Fv2%2Fcomments&post=106"}],"version-history":[{"count":78,"href":"https:\/\/www.fjsk.se\/index.php?rest_route=\/wp\/v2\/pages\/106\/revisions"}],"predecessor-version":[{"id":1593,"href":"https:\/\/www.fjsk.se\/index.php?rest_route=\/wp\/v2\/pages\/106\/revisions\/1593"}],"wp:attachment":[{"href":"https:\/\/www.fjsk.se\/index.php?rest_route=%2Fwp%2Fv2%2Fmedia&parent=106"}],"curies":[{"name":"wp","href":"https:\/\/api.w.org\/{rel}","templated":true}]}}