{"id":104,"date":"2022-05-06T10:56:29","date_gmt":"2022-05-06T10:56:29","guid":{"rendered":"https:\/\/www.fjsk.se\/?page_id=104"},"modified":"2026-03-15T11:06:34","modified_gmt":"2026-03-15T10:06:34","slug":"tavlingar-2022","status":"publish","type":"page","link":"https:\/\/www.fjsk.se\/?page_id=104","title":{"rendered":"T\u00e4vlingar"},"content":{"rendered":"\n<h3 class=\"wp-block-heading\">Klubbm\u00e4sterskap:<\/h3>\n\n\n\n<p>Se <a href=\"https:\/\/www.fjsk.se\/wp-content\/uploads\/2026\/02\/Skjutprogram-2026-Forshaga-J-SPSK.pdf\" data-type=\"page\" data-id=\"404\" target=\"_blank\" rel=\"noreferrer noopener\">Skjutprogram<\/a><br><\/p>\n\n\n\n<h3 class=\"wp-block-heading\">Inbjudningst\u00e4vlingar:<\/h3>\n\n\n\n<p><a href=\"https:\/\/www.fjsk.se\/wp-content\/uploads\/2026\/03\/DM-VA\u00a4rmland-Ind-Lag-KvalSM-kval-23-maj-2026-Nordisk-Trap.pdf\">23 Maj 2026 DM V\u00e4rmland, Ind, Lag, SM-kval Nordisk Trap<\/a><\/p>\n\n\n\n<p><a href=\"https:\/\/www.fjsk.se\/wp-content\/uploads\/2026\/03\/Forshagas-Minne-KvalSM-kval-24-maj-2026-Nordisk-Trap.pdf\">24 Maj 2026 Forshagas Minne, SM-Kval, Nordisk Trap<\/a><\/p>\n\n\n\n<p><a href=\"https:\/\/www.fjsk.se\/wp-content\/uploads\/2026\/03\/KvalSM-kval-3-juli-2026-Nordisk-Trap.pdf\">3 Juli 2026 SM-Kval Nordisk Trap<\/a><\/p>\n\n\n\n<p><a href=\"https:\/\/www.fjsk.se\/wp-content\/uploads\/2026\/03\/KvalSM-kval-4-juli-2026-Nordisk-Trap.pdf\">4 Juli 2026 SM-Kval Nordisk Trap<\/a><\/p>\n\n\n\n<p><a href=\"https:\/\/www.fjsk.se\/wp-content\/uploads\/2026\/03\/KvalSM-kval-5-juli-2026-Nordisk-Trap.pdf\">5 Juli 2026 SM-Kval Nordisk Trap<\/a><\/p>\n\n\n\n<p><a href=\"https:\/\/www.fjsk.se\/wp-content\/uploads\/2026\/03\/KvalSM-kval-15-juli-2026-Nordisk-Trap.pdf\">15 Juli 2026 SM-Kval Nordisk Trap<\/a><\/p>\n\n\n\n<p><a href=\"https:\/\/www.fjsk.se\/wp-content\/uploads\/2026\/03\/Sidenfejden-KvalSM-kval-19-september-2026-Nordisk-Trap.pdf\">19 September 2026 Sidenfejden SM-Kval Nordisk Trap<\/a><\/p>\n\n\n\n<h3 class=\"wp-block-heading\">Sveriges alla t\u00e4vlingar:<\/h3>\n\n\n\n<p>* <a href=\"https:\/\/skyttesport.indta.se\">T\u00e4vlingskalender<\/a><br>* Klicka p\u00e5: Avancerad s\u00f6k<br>* V\u00e4lj gren = lerduva<br>* Disciplin = den gren du vill se t\u00e4vlingar i<br>* Distrikt = om du vill v\u00e4lja ett speciellt l\u00e4n<br><\/p>\n","protected":false},"excerpt":{"rendered":"<p>Klubbm\u00e4sterskap: Se Skjutprogram Inbjudningst\u00e4vlingar: 23 Maj 2026 DM V\u00e4rmland, Ind, Lag, SM-kval Nordisk Trap 24 Maj 2026 Forshagas Minne, SM-Kval, Nordisk Trap 3 Juli 2026 SM-Kval Nordisk Trap 4 Juli 2026 SM-Kval Nordisk Trap 5 Juli 2026 SM-Kval Nordisk Trap 15 Juli 2026 SM-Kval Nordisk Trap 19 September 2026 Sidenfejden SM-Kval Nordisk Trap Sveriges alla [&hellip;]<\/p>\n","protected":false},"author":4,"featured_media":0,"parent":0,"menu_order":0,"comment_status":"closed","ping_status":"closed","template":"","meta":{"_mc_calendar":[],"footnotes":""},"class_list":["post-104","page","type-page","status-publish","hentry"],"_links":{"self":[{"href":"https:\/\/www.fjsk.se\/index.php?rest_route=\/wp\/v2\/pages\/104","targetHints":{"allow":["GET"]}}],"collection":[{"href":"https:\/\/www.fjsk.se\/index.php?rest_route=\/wp\/v2\/pages"}],"about":[{"href":"https:\/\/www.fjsk.se\/index.php?rest_route=\/wp\/v2\/types\/page"}],"author":[{"embeddable":true,"href":"https:\/\/www.fjsk.se\/index.php?rest_route=\/wp\/v2\/users\/4"}],"replies":[{"embeddable":true,"href":"https:\/\/www.fjsk.se\/index.php?rest_route=%2Fwp%2Fv2%2Fcomments&post=104"}],"version-history":[{"count":29,"href":"https:\/\/www.fjsk.se\/index.php?rest_route=\/wp\/v2\/pages\/104\/revisions"}],"predecessor-version":[{"id":1576,"href":"https:\/\/www.fjsk.se\/index.php?rest_route=\/wp\/v2\/pages\/104\/revisions\/1576"}],"wp:attachment":[{"href":"https:\/\/www.fjsk.se\/index.php?rest_route=%2Fwp%2Fv2%2Fmedia&parent=104"}],"curies":[{"name":"wp","href":"https:\/\/api.w.org\/{rel}","templated":true}]}}